{"id":233,"date":"2018-06-12T10:42:40","date_gmt":"2018-06-12T10:42:40","guid":{"rendered":"http:\/\/estructurasmetalicaseloybohorquez.com\/?page_id=233"},"modified":"2024-04-05T10:54:44","modified_gmt":"2024-04-05T10:54:44","slug":"sobre-nosotros","status":"publish","type":"page","link":"https:\/\/estructurasmetalicaseloybohorquez.com\/?page_id=233","title":{"rendered":"Sobre nosotros"},"content":{"rendered":"<div class=\"span6\"><\/div>\n<div class=\"span6\">\n<div class=\"head_title\">\n<h3><img loading=\"lazy\" decoding=\"async\" class=\"aligncenter wp-image-346\" src=\"http:\/\/estructurasmetalicaseloybohorquez.com\/wp-content\/uploads\/2018\/06\/WhatsApp-Image-2024-04-05-at-11.35.17-6-1024x576.jpeg\" alt=\"\" width=\"647\" height=\"364\" srcset=\"https:\/\/estructurasmetalicaseloybohorquez.com\/wp-content\/uploads\/2018\/06\/WhatsApp-Image-2024-04-05-at-11.35.17-6-1024x576.jpeg 1024w, https:\/\/estructurasmetalicaseloybohorquez.com\/wp-content\/uploads\/2018\/06\/WhatsApp-Image-2024-04-05-at-11.35.17-6-300x169.jpeg 300w, https:\/\/estructurasmetalicaseloybohorquez.com\/wp-content\/uploads\/2018\/06\/WhatsApp-Image-2024-04-05-at-11.35.17-6-768x432.jpeg 768w, https:\/\/estructurasmetalicaseloybohorquez.com\/wp-content\/uploads\/2018\/06\/WhatsApp-Image-2024-04-05-at-11.35.17-6.jpeg 1599w\" sizes=\"auto, (max-width: 647px) 100vw, 647px\" \/><\/h3>\n<h3><\/h3>\n<h3><\/h3>\n<h3><\/h3>\n<h3>\u00bfQui\u00e9nes somos?<\/h3>\n<\/div>\n<p>En \u00a0<strong>Estructuras Met\u00e1licas Eloy Boh\u00f3rquez<\/strong>, nos dedicamos apasionadamente a la <strong>fabricaci\u00f3n y montaje de Estructuras Met\u00e1licas y Cubiertas<\/strong>. Acumulamos m\u00e1s de <strong>30 a\u00f1os de experiencia<\/strong>.<\/p>\n<p><strong>\u00bfQu\u00e9 nos distingue?<\/strong><\/p>\n<ul>\n<li><strong>Experiencia probada<\/strong>: Nuestra historia se remonta a hace m\u00e1s de tres d\u00e9cadas. Durante este tiempo, hemos perfeccionado nuestras habilidades y conocimientos en la fabricaci\u00f3n y montaje de estructuras met\u00e1licas.<\/li>\n<li><strong>Infraestructura avanzada<\/strong>: Contamos con amplias <strong>instalaciones modernas<\/strong>. Aqu\u00ed, la tecnolog\u00eda se combina con la destreza artesanal para crear estructuras duraderas y funcionales.<\/li>\n<li><strong>Compromiso<\/strong>: Nuestro compromiso es superar las expectativas de nuestros clientes en cada paso del camino.<\/li>\n<\/ul>\n<p><strong>Maquinaria y Tecnolog\u00eda<\/strong><\/p>\n<p>Nuestra maquinaria de vanguardia es esencial para nuestro \u00e9xito:<\/p>\n<ul>\n<li><strong>Camiones<\/strong>: Para el transporte seguro y eficiente de nuestras estructuras.<\/li>\n<li><strong>Plataformas Elevadoras Articuladas:<\/strong> Para un acceso seguro en proyectos de gran envergadura.<\/li>\n<li><strong>Plecadoras, Cirallas y Curvadoras<\/strong>: Herramientas vers\u00e1tiles para dar forma a los metales con precisi\u00f3n.<\/li>\n<\/ul>\n<p><strong>Compromiso Futuro<\/strong><\/p>\n<p>En <strong>Estructuras Met\u00e1licas Eloy Boh\u00f3rquez<\/strong>, miramos hacia el futuro con entusiasmo. Nuestro compromiso es seguir siendo l\u00edderes en el mundo de las estructuras met\u00e1licas. Si tiene un proyecto en mente, \u00a1cont\u00e1ctenos! Estamos aqu\u00ed para convertir sus ideas en realidades de acero.<\/p>\n<\/div>\n","protected":false},"excerpt":{"rendered":"<p>\u00bfQui\u00e9nes somos? En \u00a0Estructuras Met\u00e1licas Eloy Boh\u00f3rquez, nos dedicamos apasionadamente a la fabricaci\u00f3n y montaje de Estructuras Met\u00e1licas y Cubiertas. Acumulamos m\u00e1s de 30 a\u00f1os de experiencia. \u00bfQu\u00e9 nos distingue? Experiencia probada: Nuestra historia se remonta a hace m\u00e1s de tres d\u00e9cadas. Durante este tiempo, hemos perfeccionado nuestras habilidades y conocimientos en la fabricaci\u00f3n y [&hellip;]<\/p>\n","protected":false},"author":1,"featured_media":0,"parent":0,"menu_order":0,"comment_status":"closed","ping_status":"closed","template":"","meta":{"footnotes":""},"class_list":["post-233","page","type-page","status-publish","hentry","post"],"_links":{"self":[{"href":"https:\/\/estructurasmetalicaseloybohorquez.com\/index.php?rest_route=\/wp\/v2\/pages\/233","targetHints":{"allow":["GET"]}}],"collection":[{"href":"https:\/\/estructurasmetalicaseloybohorquez.com\/index.php?rest_route=\/wp\/v2\/pages"}],"about":[{"href":"https:\/\/estructurasmetalicaseloybohorquez.com\/index.php?rest_route=\/wp\/v2\/types\/page"}],"author":[{"embeddable":true,"href":"https:\/\/estructurasmetalicaseloybohorquez.com\/index.php?rest_route=\/wp\/v2\/users\/1"}],"replies":[{"embeddable":true,"href":"https:\/\/estructurasmetalicaseloybohorquez.com\/index.php?rest_route=%2Fwp%2Fv2%2Fcomments&post=233"}],"version-history":[{"count":18,"href":"https:\/\/estructurasmetalicaseloybohorquez.com\/index.php?rest_route=\/wp\/v2\/pages\/233\/revisions"}],"predecessor-version":[{"id":372,"href":"https:\/\/estructurasmetalicaseloybohorquez.com\/index.php?rest_route=\/wp\/v2\/pages\/233\/revisions\/372"}],"wp:attachment":[{"href":"https:\/\/estructurasmetalicaseloybohorquez.com\/index.php?rest_route=%2Fwp%2Fv2%2Fmedia&parent=233"}],"curies":[{"name":"wp","href":"https:\/\/api.w.org\/{rel}","templated":true}]}}